{"id":186,"date":"2018-01-04T06:53:41","date_gmt":"2018-01-04T06:53:41","guid":{"rendered":"http:\/\/wp2.commonsupport.com\/newwp\/consultox\/?page_id=186"},"modified":"2021-02-05T12:09:53","modified_gmt":"2021-02-05T17:09:53","slug":"a-propos-marie-josee-fontaine","status":"publish","type":"page","link":"https:\/\/mariejoseefontainecpa.com\/index.php\/a-propos-marie-josee-fontaine\/","title":{"rendered":"\u00c0 propros"},"content":{"rendered":"<p><section class=\"kc-elm kc-css-394912 kc_row\"><div class=\"kc-row-container  kc-container\"><div class=\"kc-wrap-columns\"><div class=\"kc-elm kc-css-192319 kc_col-sm-12 kc_column kc_col-sm-12\"><div class=\"kc-col-container\"><!--Message Section-->\n<section class=\"message-section\">\n    <div class=\"auto-container\">\n        <div class=\"sec-title-two\">\n            <div class=\"title\">En savoir plus sur nous\u2026<\/div>\n            <h2>Qui est Marie-Jos\u00e9e Fontaine\u2009?<\/h2>\n        <\/div>\n        <div class=\"row clearfix\">\n            <div class=\"column col-md-6 col-sm-12 col-xs-12\">\n                <div class=\"text\">\n                    <p>Cumulant plus de 20 ans d\u2019exp\u00e9rience en tant que directrice financi\u00e8re et contr\u00f4leure dans les secteurs de la fabrication, de la transformation, de la distribution, de la construction, des franchises et de la vente au d\u00e9tail , Marie-Jos\u00e9e Fontaine a d\u00e9cid\u00e9 de mettre ses connaissances en \u0153uvre en fondant MJF CPA. <\/p>\r\n\r\n\r\n<p>C\u2019est depuis 2002 que plusieurs entreprises ont pu b\u00e9n\u00e9ficier de son savoir-faire dans de multiples mandats en lien avec la mise en place et l\u2019optimisation de divers outils et proc\u00e9dures budg\u00e9taires et comptables. Sa participation active au sein de ces entreprises a permis une nette am\u00e9lioration des chiffres d\u2019affaires, une collaboration accrue entre coll\u00e8gues ainsi qu\u2019une r\u00e9gularisation des processus budg\u00e9taires. <\/p>\r\n\r\n<p>Concr\u00e8tement, Marie-Jos\u00e9e Fontaine a restructur\u00e9 des d\u00e9partements de comptabilit\u00e9 afin de faciliter les interactions et d\u2019am\u00e9liorer consid\u00e9rablement la qualit\u00e9 de l\u2019information financi\u00e8re, a \u00e9tabli des plans d\u2019action sp\u00e9cifiques concernant les inventaires, bons d\u2019achat et autres en plus d\u2019automatiser, num\u00e9riser et documenter des processus d\u2019affaires \u00e0 l\u2019aide d\u2019outils informatiques de pointe. Arm\u00e9e d\u2019un leadership mobilisateur, Marie-Jos\u00e9e s\u2019est \u00e9galement charg\u00e9e de former, superviser, \u00e9valuer et planifier le travail de plusieurs \u00e9quipes comptables au sein des entreprises pour lesquelles elle a travaill\u00e9.<\/p>\r\n\r\n<p>Gr\u00e2ce \u00e0 sa grande habilet\u00e9 d\u2019\u00e9coute et d\u2019observation, sa d\u00e9termination, son autonomie et sa capacit\u00e9 \u00e0 travailler sous pression, Marie-Jos\u00e9e est par\u00e9e pour surmonter tous les d\u00e9fis qui se pr\u00e9senteront \u00e0 elle. Son professionnalisme et ses conseils judicieux sauront satisfaire les besoins de tous ses clients.<\/p>                <\/div>\n            <\/div>\n            <div class=\"column col-md-6 col-sm-12 col-xs-12\">\n                <div class=\"text\">\n                    <p>Formations professionnelles<\/p>                <\/div>\n                <ul class=\"list-style-two\">\n                    \t\t\t\t\t<li>Membre CPA, CMA (matricule no 444525), Ordre des Comptables Professionnels Agr\u00e9\u00e9s \r<\/li>\n\t\t\t\t\t\t\t\t\t\t<li>Programme de leadership strat\u00e9gique, Ordre des comptables en management accr\u00e9dit\u00e9s du Qu\u00e9bec \r<\/li>\n\t\t\t\t\t\t\t\t\t\t<li>Baccalaur\u00e9at en sciences comptables, Cheminement CA, UQAM<\/li>\n\t\t\t\t\t                <\/ul>\n            <\/div>\n        <\/div>\n    <\/div>\n<\/section>\n<!--End Message Section-->\n<\/div><\/div><\/div><\/div><\/section><section data-kc-equalheight=\"true\" data-kc-equalheight-align=\"bottom\" class=\"kc-elm kc-css-886679 kc_row\"><div class=\"kc-row-container  kc-container\"><div class=\"kc-wrap-columns\"><div class=\"kc-elm kc-css-371320 kc_col-sm-12 kc_column kc_col-sm-12\"><div class=\"kc-col-container\"><div class=\"kc-elm kc-css-271600\" style=\"height: 45px; clear: both; width:100%;\"><\/div>\n<div class=\"kc-elm kc-css-694535 kc-title-wrap \">\n\n\t<h1 class=\"kc_title\">Comp\u00e9tences informatiques<\/h1>\n<\/div>\n<div class=\"kc-elm kc-css-102166 kc_text_block\"><\/p>\n<p>MS Office, JD Edwards, AS-400, Acomba, Simple Comptable SAGE, Powerware, BPCS, CTRL, LCM, logiciel de num\u00e9risation des payables ONBase, Cognos, Concur, Quickbooks<\/p>\n<p><em>\u00a0<\/em><\/p>\n<p>\n<\/div><\/div><\/div><\/div><\/div><\/section><section class=\"kc-elm kc-css-572968 kc_row\"><div class=\"kc-row-container\"><div class=\"kc-wrap-columns\"><div class=\"kc-elm kc-css-248203 kc_col-sm-12 kc_column kc_col-sm-12\"><div class=\"kc-col-container\"><!--Call To Action Section-->\n<section class=\"call-to-action-section\" style=\"background-image:url(https:\/\/mjf.dev.orphisme.ca\/wp-content\/uploads\/2018\/01\/1.jpg)\">\n    <div class=\"auto-container\">\n        <h2>We are passionate about our work &amp; <span>make growth of your business<\/span><\/h2>\n        <div class=\"number-box clearfix\">\n            <div class=\"pull-left\">\n                <div class=\"number\">1800.456.7890<\/div>\n            <\/div>\n            <div class=\"pull-right\">\n                <a href=\"#\" class=\"theme-btn btn-style-three\">Contact us<\/a>\n            <\/div>\n        <\/div>\n    <\/div>\n<\/section>\n<!--End Call To Action Section-->\n<\/div><\/div><\/div><\/div><\/section><section class=\"kc-elm kc-css-558318 kc_row\"><div class=\"kc-row-container\"><div class=\"kc-wrap-columns\"><div class=\"kc-elm kc-css-732332 kc_col-sm-12 kc_column kc_col-sm-12\"><div class=\"kc-col-container\"><!--Study Section-->\r\n<section class=\"study-section alternate\">\r\n    <div class=\"auto-container\">\r\n        <div class=\"row clearfix\">\r\n            <!--Content Column-->\r\n            <div class=\"content-column col-md-6 col-sm-12 col-xs-12\">\r\n                <div class=\"sec-title\">\r\n                    <div class=\"title\">Recent Case Study<\/div>\r\n                    <h2>We work alongside national and international firms<\/h2>\r\n                <\/div>\r\n                <div class=\"text\">We plainly comprehend that you need not to lose, but rather to gain more cash over your time of work with us. That is the reason we dismiss all high-chance undertakings, that may prompt a quick heap of money out of the blue however to a primary capital's misfortune the second time.<\/div>\r\n                <a href=\"#\" class=\"theme-btn btn-style-four\">Know more<\/a>\r\n            <\/div>\r\n            <!--Image Column-->\r\n            <div class=\"image-column col-md-6 col-sm-12 col-xs-12\">\r\n                <div class=\"inner-column\">\r\n                    <!--Video Box-->\r\n                    <div class=\"video-box\">\r\n                        <figure class=\"image\">\r\n                            <img decoding=\"async\" src=\"https:\/\/mjf.dev.orphisme.ca\/wp-content\/uploads\/2018\/01\/video-img.jpg\" alt=\"image\">\r\n                        <\/figure>\r\n                        <a href=\"https:\/\/www.youtube.com\/watch?v=kxPCFljwJws\" class=\"lightbox-image overlay-box\"><span class=\"flaticon-play-button-2\"><\/span><\/a>\r\n                    <\/div>\r\n                <\/div>\r\n            <\/div>\r\n        <\/div>\r\n    <\/div>\r\n<\/section>\r\n<!--End Study Section-->\r\n<\/div><\/div><\/div><\/div><\/section><section class=\"kc-elm kc-css-410934 kc_row\"><div class=\"kc-row-container  kc-container\"><div class=\"kc-wrap-columns\"><div class=\"kc-elm kc-css-605068 kc_col-sm-12 kc_column kc_col-sm-12\"><div class=\"kc-col-container\">\r\n<\/div><\/div><\/div><\/div><\/section><section class=\"kc-elm kc-css-895313 kc_row\"><div class=\"kc-row-container\"><div class=\"kc-wrap-columns\"><div class=\"kc-elm kc-css-838506 kc_col-sm-12 kc_column kc_col-sm-12\"><div class=\"kc-col-container\"><!--Clients Section-->\n<section class=\"clients-section \">\n    <div class=\"auto-container\">\n        <div class=\"sponsors-outer\">\n            <!--Sponsors Carousel-->\n            <ul class=\"sponsors-carousel owl-carousel owl-theme\">\n            \t                <li class=\"slide-item\"><figure class=\"image-box\"><a href=\"#\"><img decoding=\"async\" src=\"https:\/\/mariejoseefontainecpa.com\/wp-content\/plugins\/kingcomposer\/assets\/images\/get_start.jpg\" alt=\"Airbnb\"><\/a><\/figure><\/li>\n                                <li class=\"slide-item\"><figure class=\"image-box\"><a href=\"#\"><img decoding=\"async\" src=\"https:\/\/mariejoseefontainecpa.com\/wp-content\/plugins\/kingcomposer\/assets\/images\/get_start.jpg\" alt=\"Bull\"><\/a><\/figure><\/li>\n                                <li class=\"slide-item\"><figure class=\"image-box\"><a href=\"#\"><img decoding=\"async\" src=\"https:\/\/mariejoseefontainecpa.com\/wp-content\/plugins\/kingcomposer\/assets\/images\/get_start.jpg\" alt=\"Sprint\"><\/a><\/figure><\/li>\n                                <li class=\"slide-item\"><figure class=\"image-box\"><a href=\"#\"><img decoding=\"async\" src=\"https:\/\/mariejoseefontainecpa.com\/wp-content\/plugins\/kingcomposer\/assets\/images\/get_start.jpg\" alt=\"BuzzFeed\"><\/a><\/figure><\/li>\n                                <li class=\"slide-item\"><figure class=\"image-box\"><a href=\"#\"><img decoding=\"async\" src=\"https:\/\/mariejoseefontainecpa.com\/wp-content\/plugins\/kingcomposer\/assets\/images\/get_start.jpg\" alt=\"Spotify\"><\/a><\/figure><\/li>\n                                <li class=\"slide-item\"><figure class=\"image-box\"><a href=\"#\"><img decoding=\"async\" src=\"https:\/\/mariejoseefontainecpa.com\/wp-content\/plugins\/kingcomposer\/assets\/images\/get_start.jpg\" alt=\"Nescafe\"><\/a><\/figure><\/li>\n                            <\/ul>\n        <\/div>\n    <\/div>\n<\/section>\n<!--End Clients Section-->\n<\/div><\/div><\/div><\/div><\/section><section class=\"kc-elm kc-css-576903 kc_row\"><div class=\"kc-row-container\"><div class=\"kc-wrap-columns\"><div class=\"kc-elm kc-css-517505 kc_col-sm-12 kc_column kc_col-sm-12\"><div class=\"kc-col-container\"><!--Appointment Section-->\n<section class=\"appointment-section\" style=\"background-image:url(https:\/\/mjf.dev.orphisme.ca\/wp-content\/uploads\/2018\/01\/2-1.jpg)\">\n    <div class=\"auto-container clearfix\">\n        <div class=\"inner-container\">\n            <h2>Customer relations with transparent communication ...<\/h2>\n            <div class=\"text\">Consultox solutions can help you get there.<\/div>\n            <a href=\"#\" class=\"theme-btn btn-style-two\">Get appointment<\/a>\n        <\/div>\n    <\/div>\n<\/section>\n<!--End Appointment Section-->\n<\/div><\/div><\/div><\/div><\/section><\/p>\n","protected":false},"excerpt":{"rendered":"","protected":false},"author":1,"featured_media":782,"parent":0,"menu_order":0,"comment_status":"closed","ping_status":"closed","template":"tpl-king_composer.php","meta":{"footnotes":""},"class_list":["post-186","page","type-page","status-publish","has-post-thumbnail","hentry"],"yoast_head":"<!-- This site is optimized with the Yoast SEO plugin v15.8 - https:\/\/yoast.com\/wordpress\/plugins\/seo\/ -->\n<title>\u00c0 propros - mariejoseefontainecpa.com \u00c0 propos Marie-Jos\u00e9e<\/title>\n<meta name=\"description\" content=\"A propos, cumulant plus de 20 ans d\u2019exp\u00e9rience en tant que directrice financi\u00e8re et contr\u00f4leure dans divers secteurs. CPA situ\u00e9 a Laval\" \/>\n<meta name=\"robots\" content=\"index, follow, max-snippet:-1, max-image-preview:large, max-video-preview:-1\" \/>\n<link rel=\"canonical\" href=\"https:\/\/mariejoseefontainecpa.com\/index.php\/a-propos-marie-josee-fontaine\/\" \/>\n<meta property=\"og:locale\" content=\"fr_FR\" \/>\n<meta property=\"og:type\" content=\"article\" \/>\n<meta property=\"og:title\" content=\"Marie-Josee Fontaine, CPA\" \/>\n<meta property=\"og:description\" content=\"A propos, cumulant plus de 20 ans d\u2019exp\u00e9rience en tant que directrice financi\u00e8re et contr\u00f4leure dans divers secteurs. CPA situ\u00e9 a Laval\" \/>\n<meta property=\"og:url\" content=\"https:\/\/mariejoseefontainecpa.com\/index.php\/a-propos-marie-josee-fontaine\/\" \/>\n<meta property=\"og:site_name\" content=\"mariejoseefontainecpa.com\" \/>\n<meta property=\"article:modified_time\" content=\"2021-02-05T17:09:53+00:00\" \/>\n<meta property=\"og:image\" content=\"https:\/\/mariejoseefontainecpa.com\/wp-content\/uploads\/2021\/02\/Orphisme-photo-20170502-_28A521803-Modifier.jpg\" \/>\n\t<meta property=\"og:image:width\" content=\"2000\" \/>\n\t<meta property=\"og:image:height\" content=\"1333\" \/>\n<meta name=\"twitter:card\" content=\"summary_large_image\" \/>\n<meta name=\"twitter:label1\" content=\"Dur\u00e9e de lecture est.\">\n\t<meta name=\"twitter:data1\" content=\"1 minute\">\n<script type=\"application\/ld+json\" class=\"yoast-schema-graph\">{\"@context\":\"https:\/\/schema.org\",\"@graph\":[{\"@type\":\"Organization\",\"@id\":\"https:\/\/mariejoseefontainecpa.com\/#organization\",\"name\":\"Marie-Jos\\u00e9e Fontaine, CPA\",\"url\":\"https:\/\/mariejoseefontainecpa.com\/\",\"sameAs\":[\"https:\/\/www.linkedin.com\/in\/mariejoseefontainecpa\/\"],\"logo\":{\"@type\":\"ImageObject\",\"@id\":\"https:\/\/mariejoseefontainecpa.com\/#logo\",\"inLanguage\":\"fr-FR\",\"url\":\"https:\/\/mariejoseefontainecpa.com\/wp-content\/uploads\/2021\/01\/mjf-2.png\",\"width\":150,\"height\":81,\"caption\":\"Marie-Jos\\u00e9e Fontaine, CPA\"},\"image\":{\"@id\":\"https:\/\/mariejoseefontainecpa.com\/#logo\"}},{\"@type\":\"WebSite\",\"@id\":\"https:\/\/mariejoseefontainecpa.com\/#website\",\"url\":\"https:\/\/mariejoseefontainecpa.com\/\",\"name\":\"mariejoseefontainecpa.com\",\"description\":\"Votre CPA\",\"publisher\":{\"@id\":\"https:\/\/mariejoseefontainecpa.com\/#organization\"},\"potentialAction\":[{\"@type\":\"SearchAction\",\"target\":\"https:\/\/mariejoseefontainecpa.com\/?s={search_term_string}\",\"query-input\":\"required name=search_term_string\"}],\"inLanguage\":\"fr-FR\"},{\"@type\":\"ImageObject\",\"@id\":\"https:\/\/mariejoseefontainecpa.com\/index.php\/a-propos-marie-josee-fontaine\/#primaryimage\",\"inLanguage\":\"fr-FR\",\"url\":\"https:\/\/mariejoseefontainecpa.com\/wp-content\/uploads\/2021\/02\/Orphisme-photo-20170502-_28A521803-Modifier.jpg\",\"width\":2000,\"height\":1333,\"caption\":\"marie-Josee Fontaine, CPA\"},{\"@type\":\"WebPage\",\"@id\":\"https:\/\/mariejoseefontainecpa.com\/index.php\/a-propos-marie-josee-fontaine\/#webpage\",\"url\":\"https:\/\/mariejoseefontainecpa.com\/index.php\/a-propos-marie-josee-fontaine\/\",\"name\":\"\\u00c0 propros - mariejoseefontainecpa.com \\u00c0 propos Marie-Jos\\u00e9e\",\"isPartOf\":{\"@id\":\"https:\/\/mariejoseefontainecpa.com\/#website\"},\"primaryImageOfPage\":{\"@id\":\"https:\/\/mariejoseefontainecpa.com\/index.php\/a-propos-marie-josee-fontaine\/#primaryimage\"},\"datePublished\":\"2018-01-04T06:53:41+00:00\",\"dateModified\":\"2021-02-05T17:09:53+00:00\",\"description\":\"A propos, cumulant plus de 20 ans d\\u2019exp\\u00e9rience en tant que directrice financi\\u00e8re et contr\\u00f4leure dans divers secteurs. CPA situ\\u00e9 a Laval\",\"breadcrumb\":{\"@id\":\"https:\/\/mariejoseefontainecpa.com\/index.php\/a-propos-marie-josee-fontaine\/#breadcrumb\"},\"inLanguage\":\"fr-FR\",\"potentialAction\":[{\"@type\":\"ReadAction\",\"target\":[\"https:\/\/mariejoseefontainecpa.com\/index.php\/a-propos-marie-josee-fontaine\/\"]}]},{\"@type\":\"BreadcrumbList\",\"@id\":\"https:\/\/mariejoseefontainecpa.com\/index.php\/a-propos-marie-josee-fontaine\/#breadcrumb\",\"itemListElement\":[{\"@type\":\"ListItem\",\"position\":1,\"item\":{\"@type\":\"WebPage\",\"@id\":\"https:\/\/mariejoseefontainecpa.com\/\",\"url\":\"https:\/\/mariejoseefontainecpa.com\/\",\"name\":\"Accueil\"}},{\"@type\":\"ListItem\",\"position\":2,\"item\":{\"@type\":\"WebPage\",\"@id\":\"https:\/\/mariejoseefontainecpa.com\/index.php\/a-propos-marie-josee-fontaine\/\",\"url\":\"https:\/\/mariejoseefontainecpa.com\/index.php\/a-propos-marie-josee-fontaine\/\",\"name\":\"\\u00c0 propros\"}}]}]}<\/script>\n<!-- \/ Yoast SEO plugin. -->","_links":{"self":[{"href":"https:\/\/mariejoseefontainecpa.com\/index.php\/wp-json\/wp\/v2\/pages\/186","targetHints":{"allow":["GET"]}}],"collection":[{"href":"https:\/\/mariejoseefontainecpa.com\/index.php\/wp-json\/wp\/v2\/pages"}],"about":[{"href":"https:\/\/mariejoseefontainecpa.com\/index.php\/wp-json\/wp\/v2\/types\/page"}],"author":[{"embeddable":true,"href":"https:\/\/mariejoseefontainecpa.com\/index.php\/wp-json\/wp\/v2\/users\/1"}],"replies":[{"embeddable":true,"href":"https:\/\/mariejoseefontainecpa.com\/index.php\/wp-json\/wp\/v2\/comments?post=186"}],"version-history":[{"count":36,"href":"https:\/\/mariejoseefontainecpa.com\/index.php\/wp-json\/wp\/v2\/pages\/186\/revisions"}],"predecessor-version":[{"id":827,"href":"https:\/\/mariejoseefontainecpa.com\/index.php\/wp-json\/wp\/v2\/pages\/186\/revisions\/827"}],"wp:featuredmedia":[{"embeddable":true,"href":"https:\/\/mariejoseefontainecpa.com\/index.php\/wp-json\/wp\/v2\/media\/782"}],"wp:attachment":[{"href":"https:\/\/mariejoseefontainecpa.com\/index.php\/wp-json\/wp\/v2\/media?parent=186"}],"curies":[{"name":"wp","href":"https:\/\/api.w.org\/{rel}","templated":true}]}}