{"id":550,"date":"2021-01-08T15:50:26","date_gmt":"2021-01-08T20:50:26","guid":{"rendered":"https:\/\/mjf.dev.orphisme.ca\/?page_id=550"},"modified":"2021-02-04T13:21:38","modified_gmt":"2021-02-04T18:21:38","slug":"particuliers","status":"publish","type":"page","link":"https:\/\/mariejoseefontainecpa.com\/index.php\/particuliers\/","title":{"rendered":"Particuliers"},"content":{"rendered":"<section class=\"kc-elm kc-css-388590 kc_row\"><div class=\"kc-row-container  kc-container\"><div class=\"kc-wrap-columns\"><div class=\"kc-elm kc-css-757884 kc_col-sm-12 kc_column kc_col-sm-12\"><div class=\"kc-col-container\"><!--Message Section-->\n<section class=\"message-section\">\n    <div class=\"auto-container\">\n        <div class=\"sec-title-two\">\n            <div class=\"title\">Services aux particuliers<\/div>\n            <h2><\/h2>\n        <\/div>\n        <div class=\"row clearfix\">\n            <div class=\"column col-md-6 col-sm-12 col-xs-12\">\n                <div class=\"text\">\n                    Vous recherchez un professionnel qualifi\u00e9 pour faire vos imp\u00f4ts ? Vous souhaitez optimiser votre d\u00e9claration d\u2019imp\u00f4t quelle que soit votre situation fiscale ? N\u2019h\u00e9sitez pas une seconde et prenez rendez-vous avec Marie-Jos\u00e9e Fontaine.                <\/div>\n            <\/div>\n            <div class=\"column col-md-6 col-sm-12 col-xs-12\">\n                <div class=\"text\">\n                    <p>Services offerts<\/p>\r\nSituation fiscale:                <\/div>\n                <ul class=\"list-style-two\">\n                    \t\t\t\t\t<li>Individuel\r<\/li>\n\t\t\t\t\t\t\t\t\t\t<li>Couples\r<\/li>\n\t\t\t\t\t\t\t\t\t\t<li>\u00c9tudiant\r<\/li>\n\t\t\t\t\t\t\t\t\t\t<li>Travailleur autonome\r<\/li>\n\t\t\t\t\t\t\t\t\t\t<li>Propri\u00e9taire d'immeubles<\/li>\n\t\t\t\t\t                <\/ul>\n            <\/div>\n        <\/div>\n    <\/div>\n<\/section>\n<!--End Message Section-->\n<!--Message Section-->\n<section class=\"message-section\">\n    <div class=\"auto-container\">\n        <div class=\"sec-title-two\">\n            <div class=\"title\">jfghdfghghsdg<\/div>\n            <h2>gssdgsgs<\/h2>\n        <\/div>\n        <div class=\"row clearfix\">\n            <div class=\"column col-md-6 col-sm-12 col-xs-12\">\n                <div class=\"text\">\n                    sgsgsdgs                <\/div>\n            <\/div>\n            <div class=\"column col-md-6 col-sm-12 col-xs-12\">\n                <div class=\"text\">\n                    sgsg                <\/div>\n                <ul class=\"list-style-two\">\n                    \t\t\t\t\t<li>sdgsdgsd<\/li>\n\t\t\t\t\t                <\/ul>\n            <\/div>\n        <\/div>\n    <\/div>\n<\/section>\n<!--End Message Section-->\n<\/div><\/div><\/div><\/div><\/section>\n","protected":false},"excerpt":{"rendered":"","protected":false},"author":1,"featured_media":471,"parent":0,"menu_order":0,"comment_status":"closed","ping_status":"closed","template":"tpl-king_composer.php","meta":{"footnotes":""},"class_list":["post-550","page","type-page","status-publish","has-post-thumbnail","hentry"],"yoast_head":"<!-- This site is optimized with the Yoast SEO plugin v15.8 - https:\/\/yoast.com\/wordpress\/plugins\/seo\/ -->\n<title>Particuliers - mariejoseefontainecpa.com<\/title>\n<meta name=\"description\" content=\"particuliers\" \/>\n<meta name=\"robots\" content=\"index, follow, max-snippet:-1, max-image-preview:large, max-video-preview:-1\" \/>\n<link rel=\"canonical\" href=\"https:\/\/mariejoseefontainecpa.com\/index.php\/particuliers\/\" \/>\n<meta property=\"og:locale\" content=\"fr_FR\" \/>\n<meta property=\"og:type\" content=\"article\" \/>\n<meta property=\"og:title\" content=\"Particuliers - mariejoseefontainecpa.com\" \/>\n<meta property=\"og:description\" content=\"particuliers\" \/>\n<meta property=\"og:url\" content=\"https:\/\/mariejoseefontainecpa.com\/index.php\/particuliers\/\" \/>\n<meta property=\"og:site_name\" content=\"mariejoseefontainecpa.com\" \/>\n<meta property=\"article:modified_time\" content=\"2021-02-04T18:21:38+00:00\" \/>\n<meta property=\"og:image\" content=\"https:\/\/mariejoseefontainecpa.com\/wp-content\/uploads\/2018\/01\/09.jpg\" \/>\n\t<meta property=\"og:image:width\" content=\"1170\" \/>\n\t<meta property=\"og:image:height\" content=\"1170\" \/>\n<meta name=\"twitter:card\" content=\"summary_large_image\" \/>\n<script type=\"application\/ld+json\" class=\"yoast-schema-graph\">{\"@context\":\"https:\/\/schema.org\",\"@graph\":[{\"@type\":\"Organization\",\"@id\":\"https:\/\/mariejoseefontainecpa.com\/#organization\",\"name\":\"Marie-Jos\\u00e9e Fontaine, CPA\",\"url\":\"https:\/\/mariejoseefontainecpa.com\/\",\"sameAs\":[\"https:\/\/www.linkedin.com\/in\/mariejoseefontainecpa\/\"],\"logo\":{\"@type\":\"ImageObject\",\"@id\":\"https:\/\/mariejoseefontainecpa.com\/#logo\",\"inLanguage\":\"fr-FR\",\"url\":\"https:\/\/mariejoseefontainecpa.com\/wp-content\/uploads\/2021\/01\/mjf-2.png\",\"width\":150,\"height\":81,\"caption\":\"Marie-Jos\\u00e9e Fontaine, CPA\"},\"image\":{\"@id\":\"https:\/\/mariejoseefontainecpa.com\/#logo\"}},{\"@type\":\"WebSite\",\"@id\":\"https:\/\/mariejoseefontainecpa.com\/#website\",\"url\":\"https:\/\/mariejoseefontainecpa.com\/\",\"name\":\"mariejoseefontainecpa.com\",\"description\":\"Votre CPA\",\"publisher\":{\"@id\":\"https:\/\/mariejoseefontainecpa.com\/#organization\"},\"potentialAction\":[{\"@type\":\"SearchAction\",\"target\":\"https:\/\/mariejoseefontainecpa.com\/?s={search_term_string}\",\"query-input\":\"required name=search_term_string\"}],\"inLanguage\":\"fr-FR\"},{\"@type\":\"ImageObject\",\"@id\":\"https:\/\/mariejoseefontainecpa.com\/index.php\/particuliers\/#primaryimage\",\"inLanguage\":\"fr-FR\",\"url\":\"https:\/\/mariejoseefontainecpa.com\/wp-content\/uploads\/2018\/01\/09.jpg\",\"width\":1170,\"height\":1170,\"caption\":\"marie-Josee Fontaine, graphique analyse\"},{\"@type\":\"WebPage\",\"@id\":\"https:\/\/mariejoseefontainecpa.com\/index.php\/particuliers\/#webpage\",\"url\":\"https:\/\/mariejoseefontainecpa.com\/index.php\/particuliers\/\",\"name\":\"Particuliers - mariejoseefontainecpa.com\",\"isPartOf\":{\"@id\":\"https:\/\/mariejoseefontainecpa.com\/#website\"},\"primaryImageOfPage\":{\"@id\":\"https:\/\/mariejoseefontainecpa.com\/index.php\/particuliers\/#primaryimage\"},\"datePublished\":\"2021-01-08T20:50:26+00:00\",\"dateModified\":\"2021-02-04T18:21:38+00:00\",\"description\":\"particuliers\",\"breadcrumb\":{\"@id\":\"https:\/\/mariejoseefontainecpa.com\/index.php\/particuliers\/#breadcrumb\"},\"inLanguage\":\"fr-FR\",\"potentialAction\":[{\"@type\":\"ReadAction\",\"target\":[\"https:\/\/mariejoseefontainecpa.com\/index.php\/particuliers\/\"]}]},{\"@type\":\"BreadcrumbList\",\"@id\":\"https:\/\/mariejoseefontainecpa.com\/index.php\/particuliers\/#breadcrumb\",\"itemListElement\":[{\"@type\":\"ListItem\",\"position\":1,\"item\":{\"@type\":\"WebPage\",\"@id\":\"https:\/\/mariejoseefontainecpa.com\/\",\"url\":\"https:\/\/mariejoseefontainecpa.com\/\",\"name\":\"Accueil\"}},{\"@type\":\"ListItem\",\"position\":2,\"item\":{\"@type\":\"WebPage\",\"@id\":\"https:\/\/mariejoseefontainecpa.com\/index.php\/particuliers\/\",\"url\":\"https:\/\/mariejoseefontainecpa.com\/index.php\/particuliers\/\",\"name\":\"Particuliers\"}}]}]}<\/script>\n<!-- \/ Yoast SEO plugin. -->","_links":{"self":[{"href":"https:\/\/mariejoseefontainecpa.com\/index.php\/wp-json\/wp\/v2\/pages\/550","targetHints":{"allow":["GET"]}}],"collection":[{"href":"https:\/\/mariejoseefontainecpa.com\/index.php\/wp-json\/wp\/v2\/pages"}],"about":[{"href":"https:\/\/mariejoseefontainecpa.com\/index.php\/wp-json\/wp\/v2\/types\/page"}],"author":[{"embeddable":true,"href":"https:\/\/mariejoseefontainecpa.com\/index.php\/wp-json\/wp\/v2\/users\/1"}],"replies":[{"embeddable":true,"href":"https:\/\/mariejoseefontainecpa.com\/index.php\/wp-json\/wp\/v2\/comments?post=550"}],"version-history":[{"count":21,"href":"https:\/\/mariejoseefontainecpa.com\/index.php\/wp-json\/wp\/v2\/pages\/550\/revisions"}],"predecessor-version":[{"id":591,"href":"https:\/\/mariejoseefontainecpa.com\/index.php\/wp-json\/wp\/v2\/pages\/550\/revisions\/591"}],"wp:featuredmedia":[{"embeddable":true,"href":"https:\/\/mariejoseefontainecpa.com\/index.php\/wp-json\/wp\/v2\/media\/471"}],"wp:attachment":[{"href":"https:\/\/mariejoseefontainecpa.com\/index.php\/wp-json\/wp\/v2\/media?parent=550"}],"curies":[{"name":"wp","href":"https:\/\/api.w.org\/{rel}","templated":true}]}}