{"id":552,"date":"2021-01-08T15:44:56","date_gmt":"2021-01-08T20:44:56","guid":{"rendered":"https:\/\/mjf.dev.orphisme.ca\/?page_id=552"},"modified":"2021-02-04T13:18:15","modified_gmt":"2021-02-04T18:18:15","slug":"entreprises","status":"publish","type":"page","link":"https:\/\/mariejoseefontainecpa.com\/index.php\/entreprises\/","title":{"rendered":"Entreprises"},"content":{"rendered":"<section class=\"kc-elm kc-css-537557 kc_row\"><div class=\"kc-row-container  kc-container\"><div class=\"kc-wrap-columns\"><div class=\"kc-elm kc-css-833412 kc_col-sm-12 kc_column kc_col-sm-12\"><div class=\"kc-col-container\"><!--Message Section-->\n<section class=\"message-section\">\n    <div class=\"auto-container\">\n        <div class=\"sec-title-two\">\n            <div class=\"title\">Services aux entreprises<\/div>\n            <h2><\/h2>\n        <\/div>\n        <div class=\"row clearfix\">\n            <div class=\"column col-md-6 col-sm-12 col-xs-12\">\n                <div class=\"text\">\n                    Des services comptables adapt\u00e9s selon vos besoins. Notre exp\u00e9rience acquise au sein d'entreprises \u0153uvrant dans diff\u00e9rentes sph\u00e8res d'activit\u00e9s permets d'offrir un service comptable personnalis\u00e9 d'une grande qualit\u00e9. Si vous avez besoin d'accompagnement en mati\u00e8re de comptabilit\u00e9 d'entreprise, nous avons assur\u00e9ment un service \u00e0 vous proposer.                <\/div>\n            <\/div>\n            <div class=\"column col-md-6 col-sm-12 col-xs-12\">\n                <div class=\"text\">\n                    <p>Services offerts:<\/p>                <\/div>\n                <ul class=\"list-style-two\">\n                    \t\t\t\t\t<li>Tenue de livres\r<\/li>\n\t\t\t\t\t\t\t\t\t\t<li>\u00c9tats financiers\r<\/li>\n\t\t\t\t\t\t\t\t\t\t<li>Avis au lecteur\r<\/li>\n\t\t\t\t\t\t\t\t\t\t<li>D\u00e9clarations d'imp\u00f4ts\r<\/li>\n\t\t\t\t\t\t\t\t\t\t<li>Pr\u00e9visions financi\u00e8res\r<\/li>\n\t\t\t\t\t\t\t\t\t\t<li>D\u00e9marrage d'entreprise\r<\/li>\n\t\t\t\t\t\t\t\t\t\t<li>Num\u00e9risation des processus comptables\r<\/li>\n\t\t\t\t\t\t\t\t\t\t<li>Comptabilit\u00e9 de management\r<\/li>\n\t\t\t\t\t\t\t\t\t\t<li>Aide \u00e0 l'implantation d'un syst\u00e8me comptable<\/li>\n\t\t\t\t\t                <\/ul>\n            <\/div>\n        <\/div>\n    <\/div>\n<\/section>\n<!--End Message Section-->\n<\/div><\/div><\/div><\/div><\/section>\n","protected":false},"excerpt":{"rendered":"","protected":false},"author":1,"featured_media":471,"parent":0,"menu_order":0,"comment_status":"closed","ping_status":"closed","template":"tpl-king_composer.php","meta":{"footnotes":""},"class_list":["post-552","page","type-page","status-publish","has-post-thumbnail","hentry"],"yoast_head":"<!-- This site is optimized with the Yoast SEO plugin v15.8 - https:\/\/yoast.com\/wordpress\/plugins\/seo\/ -->\n<title>Entreprises - mariejoseefontainecpa.com<\/title>\n<meta name=\"description\" content=\"Notre exp\u00e9rience acquise au sein d&#039;entreprises \u0153uvrant dans diff\u00e9rentes sph\u00e8res d&#039;activit\u00e9s permets d&#039;offrir un service comptable personnalis\u00e9 d&#039;une grande qualit\u00e9\" \/>\n<meta name=\"robots\" content=\"index, follow, max-snippet:-1, max-image-preview:large, max-video-preview:-1\" \/>\n<link rel=\"canonical\" href=\"https:\/\/mariejoseefontainecpa.com\/index.php\/entreprises\/\" \/>\n<meta property=\"og:locale\" content=\"fr_FR\" \/>\n<meta property=\"og:type\" content=\"article\" \/>\n<meta property=\"og:title\" content=\"Entreprises - mariejoseefontainecpa.com\" \/>\n<meta property=\"og:description\" content=\"Notre exp\u00e9rience acquise au sein d&#039;entreprises \u0153uvrant dans diff\u00e9rentes sph\u00e8res d&#039;activit\u00e9s permets d&#039;offrir un service comptable personnalis\u00e9 d&#039;une grande qualit\u00e9\" \/>\n<meta property=\"og:url\" content=\"https:\/\/mariejoseefontainecpa.com\/index.php\/entreprises\/\" \/>\n<meta property=\"og:site_name\" content=\"mariejoseefontainecpa.com\" \/>\n<meta property=\"article:modified_time\" content=\"2021-02-04T18:18:15+00:00\" \/>\n<meta property=\"og:image\" content=\"https:\/\/mariejoseefontainecpa.com\/wp-content\/uploads\/2018\/01\/09.jpg\" \/>\n\t<meta property=\"og:image:width\" content=\"1170\" \/>\n\t<meta property=\"og:image:height\" content=\"1170\" \/>\n<meta name=\"twitter:card\" content=\"summary_large_image\" \/>\n<script type=\"application\/ld+json\" class=\"yoast-schema-graph\">{\"@context\":\"https:\/\/schema.org\",\"@graph\":[{\"@type\":\"Organization\",\"@id\":\"https:\/\/mariejoseefontainecpa.com\/#organization\",\"name\":\"Marie-Jos\\u00e9e Fontaine, CPA\",\"url\":\"https:\/\/mariejoseefontainecpa.com\/\",\"sameAs\":[\"https:\/\/www.linkedin.com\/in\/mariejoseefontainecpa\/\"],\"logo\":{\"@type\":\"ImageObject\",\"@id\":\"https:\/\/mariejoseefontainecpa.com\/#logo\",\"inLanguage\":\"fr-FR\",\"url\":\"https:\/\/mariejoseefontainecpa.com\/wp-content\/uploads\/2021\/01\/mjf-2.png\",\"width\":150,\"height\":81,\"caption\":\"Marie-Jos\\u00e9e Fontaine, CPA\"},\"image\":{\"@id\":\"https:\/\/mariejoseefontainecpa.com\/#logo\"}},{\"@type\":\"WebSite\",\"@id\":\"https:\/\/mariejoseefontainecpa.com\/#website\",\"url\":\"https:\/\/mariejoseefontainecpa.com\/\",\"name\":\"mariejoseefontainecpa.com\",\"description\":\"Votre CPA\",\"publisher\":{\"@id\":\"https:\/\/mariejoseefontainecpa.com\/#organization\"},\"potentialAction\":[{\"@type\":\"SearchAction\",\"target\":\"https:\/\/mariejoseefontainecpa.com\/?s={search_term_string}\",\"query-input\":\"required name=search_term_string\"}],\"inLanguage\":\"fr-FR\"},{\"@type\":\"ImageObject\",\"@id\":\"https:\/\/mariejoseefontainecpa.com\/index.php\/entreprises\/#primaryimage\",\"inLanguage\":\"fr-FR\",\"url\":\"https:\/\/mariejoseefontainecpa.com\/wp-content\/uploads\/2018\/01\/09.jpg\",\"width\":1170,\"height\":1170,\"caption\":\"marie-Josee Fontaine, graphique analyse\"},{\"@type\":\"WebPage\",\"@id\":\"https:\/\/mariejoseefontainecpa.com\/index.php\/entreprises\/#webpage\",\"url\":\"https:\/\/mariejoseefontainecpa.com\/index.php\/entreprises\/\",\"name\":\"Entreprises - mariejoseefontainecpa.com\",\"isPartOf\":{\"@id\":\"https:\/\/mariejoseefontainecpa.com\/#website\"},\"primaryImageOfPage\":{\"@id\":\"https:\/\/mariejoseefontainecpa.com\/index.php\/entreprises\/#primaryimage\"},\"datePublished\":\"2021-01-08T20:44:56+00:00\",\"dateModified\":\"2021-02-04T18:18:15+00:00\",\"description\":\"Notre exp\\u00e9rience acquise au sein d'entreprises \\u0153uvrant dans diff\\u00e9rentes sph\\u00e8res d'activit\\u00e9s permets d'offrir un service comptable personnalis\\u00e9 d'une grande qualit\\u00e9\",\"breadcrumb\":{\"@id\":\"https:\/\/mariejoseefontainecpa.com\/index.php\/entreprises\/#breadcrumb\"},\"inLanguage\":\"fr-FR\",\"potentialAction\":[{\"@type\":\"ReadAction\",\"target\":[\"https:\/\/mariejoseefontainecpa.com\/index.php\/entreprises\/\"]}]},{\"@type\":\"BreadcrumbList\",\"@id\":\"https:\/\/mariejoseefontainecpa.com\/index.php\/entreprises\/#breadcrumb\",\"itemListElement\":[{\"@type\":\"ListItem\",\"position\":1,\"item\":{\"@type\":\"WebPage\",\"@id\":\"https:\/\/mariejoseefontainecpa.com\/\",\"url\":\"https:\/\/mariejoseefontainecpa.com\/\",\"name\":\"Accueil\"}},{\"@type\":\"ListItem\",\"position\":2,\"item\":{\"@type\":\"WebPage\",\"@id\":\"https:\/\/mariejoseefontainecpa.com\/index.php\/entreprises\/\",\"url\":\"https:\/\/mariejoseefontainecpa.com\/index.php\/entreprises\/\",\"name\":\"Entreprises\"}}]}]}<\/script>\n<!-- \/ Yoast SEO plugin. -->","_links":{"self":[{"href":"https:\/\/mariejoseefontainecpa.com\/index.php\/wp-json\/wp\/v2\/pages\/552","targetHints":{"allow":["GET"]}}],"collection":[{"href":"https:\/\/mariejoseefontainecpa.com\/index.php\/wp-json\/wp\/v2\/pages"}],"about":[{"href":"https:\/\/mariejoseefontainecpa.com\/index.php\/wp-json\/wp\/v2\/types\/page"}],"author":[{"embeddable":true,"href":"https:\/\/mariejoseefontainecpa.com\/index.php\/wp-json\/wp\/v2\/users\/1"}],"replies":[{"embeddable":true,"href":"https:\/\/mariejoseefontainecpa.com\/index.php\/wp-json\/wp\/v2\/comments?post=552"}],"version-history":[{"count":4,"href":"https:\/\/mariejoseefontainecpa.com\/index.php\/wp-json\/wp\/v2\/pages\/552\/revisions"}],"predecessor-version":[{"id":787,"href":"https:\/\/mariejoseefontainecpa.com\/index.php\/wp-json\/wp\/v2\/pages\/552\/revisions\/787"}],"wp:featuredmedia":[{"embeddable":true,"href":"https:\/\/mariejoseefontainecpa.com\/index.php\/wp-json\/wp\/v2\/media\/471"}],"wp:attachment":[{"href":"https:\/\/mariejoseefontainecpa.com\/index.php\/wp-json\/wp\/v2\/media?parent=552"}],"curies":[{"name":"wp","href":"https:\/\/api.w.org\/{rel}","templated":true}]}}