{"id":554,"date":"2021-01-08T15:45:14","date_gmt":"2021-01-08T20:45:14","guid":{"rendered":"https:\/\/mjf.dev.orphisme.ca\/?page_id=554"},"modified":"2021-02-05T12:10:51","modified_gmt":"2021-02-05T17:10:51","slug":"tenue-de-livres","status":"publish","type":"page","link":"https:\/\/mariejoseefontainecpa.com\/index.php\/tenue-de-livres\/","title":{"rendered":"Tenue de livres"},"content":{"rendered":"<p><section class=\"kc-elm kc-css-387720 kc_row\"><div class=\"kc-row-container  kc-container\"><div class=\"kc-wrap-columns\"><div class=\"kc-elm kc-css-292883 kc_col-sm-12 kc_column kc_col-sm-12\"><div class=\"kc-col-container\"><!--Message Section-->\n<section class=\"message-section\">\n    <div class=\"auto-container\">\n        <div class=\"sec-title-two\">\n            <div class=\"title\">La tenue de livre<\/div>\n            <h2><\/h2>\n        <\/div>\n        <div class=\"row clearfix\">\n            <div class=\"column col-md-6 col-sm-12 col-xs-12\">\n                <div class=\"text\">\n                    Si pour vous la tenue de livres est un casse-t\u00eate, nous offrons un service de tenue de livres de grande qualit\u00e9 et selon vos besoins. Que ce soit pour un service de tenue de livre complet ou partiel, n'h\u00e9sitez pas \u00e0 nous contacter. Chaque service est accompagn\u00e9 d'une formation et explications des r\u00e9sultats financiers.                <\/div>\n            <\/div>\n            <div class=\"column col-md-6 col-sm-12 col-xs-12\">\n                <div class=\"text\">\n                    <p>Services offerts<\/p>\r\nTenue de livres pour entreprise ou travailleur autonome<\/p>                <\/div>\n                <ul class=\"list-style-two\">\n                    \t\t\t\t\t<li>Entr\u00e9e des factures fournisseurs\r<\/li>\n\t\t\t\t\t\t\t\t\t\t<li>Facturation des ventes\r<\/li>\n\t\t\t\t\t\t\t\t\t\t<li>Conciliation bancaire\r<\/li>\n\t\t\t\t\t\t\t\t\t\t<li>Remise des taxes gouvernementales\r<\/li>\n\t\t\t\t\t\t\t\t\t\t<li>Remise des d\u00e9ductions \u00e0 la source\r<\/li>\n\t\t\t\t\t\t\t\t\t\t<li>\u00c9tats financiers<\/li>\n\t\t\t\t\t                <\/ul>\n            <\/div>\n        <\/div>\n    <\/div>\n<\/section>\n<!--End Message Section-->\n<\/div><\/div><\/div><\/div><\/section><section class=\"kc-elm kc-css-543474 kc_row\"><div class=\"kc-row-container  kc-container\"><div class=\"kc-wrap-columns\"><div class=\"kc-elm kc-css-213432 kc_col-sm-12 kc_column kc_col-sm-12\"><div class=\"kc-col-container\"><\/div><\/div><\/div><\/div><\/section><\/p>\n","protected":false},"excerpt":{"rendered":"","protected":false},"author":1,"featured_media":442,"parent":0,"menu_order":0,"comment_status":"closed","ping_status":"closed","template":"tpl-king_composer.php","meta":{"footnotes":""},"class_list":["post-554","page","type-page","status-publish","has-post-thumbnail","hentry"],"yoast_head":"<!-- This site is optimized with the Yoast SEO plugin v15.8 - https:\/\/yoast.com\/wordpress\/plugins\/seo\/ -->\n<title>Tenue de livres - mariejoseefontainecpa.com tenue-de-livres<\/title>\n<meta name=\"description\" content=\"Tenue-de-livres, Marie-Jos\u00e9e Fontaine CPA \u00e0 Laval avec plus de 20ans d&#039;exp\u00e9rience. Tenue de livres pour entreprise ou travailleur autonome\" \/>\n<meta name=\"robots\" content=\"index, follow, max-snippet:-1, max-image-preview:large, max-video-preview:-1\" \/>\n<link rel=\"canonical\" href=\"https:\/\/mariejoseefontainecpa.com\/index.php\/tenue-de-livres\/\" \/>\n<meta property=\"og:locale\" content=\"fr_FR\" \/>\n<meta property=\"og:type\" content=\"article\" \/>\n<meta property=\"og:title\" content=\"Tenue de livres - mariejoseefontainecpa.com tenue-de-livres\" \/>\n<meta property=\"og:description\" content=\"Tenue-de-livres, Marie-Jos\u00e9e Fontaine CPA \u00e0 Laval avec plus de 20ans d&#039;exp\u00e9rience. Tenue de livres pour entreprise ou travailleur autonome\" \/>\n<meta property=\"og:url\" content=\"https:\/\/mariejoseefontainecpa.com\/index.php\/tenue-de-livres\/\" \/>\n<meta property=\"og:site_name\" content=\"mariejoseefontainecpa.com\" \/>\n<meta property=\"article:modified_time\" content=\"2021-02-05T17:10:51+00:00\" \/>\n<meta property=\"og:image\" content=\"https:\/\/mariejoseefontainecpa.com\/wp-content\/uploads\/2018\/01\/project-1.jpg\" \/>\n\t<meta property=\"og:image:width\" content=\"370\" \/>\n\t<meta property=\"og:image:height\" content=\"404\" \/>\n<meta name=\"twitter:card\" content=\"summary_large_image\" \/>\n<script type=\"application\/ld+json\" class=\"yoast-schema-graph\">{\"@context\":\"https:\/\/schema.org\",\"@graph\":[{\"@type\":\"Organization\",\"@id\":\"https:\/\/mariejoseefontainecpa.com\/#organization\",\"name\":\"Marie-Jos\\u00e9e Fontaine, CPA\",\"url\":\"https:\/\/mariejoseefontainecpa.com\/\",\"sameAs\":[\"https:\/\/www.linkedin.com\/in\/mariejoseefontainecpa\/\"],\"logo\":{\"@type\":\"ImageObject\",\"@id\":\"https:\/\/mariejoseefontainecpa.com\/#logo\",\"inLanguage\":\"fr-FR\",\"url\":\"https:\/\/mariejoseefontainecpa.com\/wp-content\/uploads\/2021\/01\/mjf-2.png\",\"width\":150,\"height\":81,\"caption\":\"Marie-Jos\\u00e9e Fontaine, CPA\"},\"image\":{\"@id\":\"https:\/\/mariejoseefontainecpa.com\/#logo\"}},{\"@type\":\"WebSite\",\"@id\":\"https:\/\/mariejoseefontainecpa.com\/#website\",\"url\":\"https:\/\/mariejoseefontainecpa.com\/\",\"name\":\"mariejoseefontainecpa.com\",\"description\":\"Votre CPA\",\"publisher\":{\"@id\":\"https:\/\/mariejoseefontainecpa.com\/#organization\"},\"potentialAction\":[{\"@type\":\"SearchAction\",\"target\":\"https:\/\/mariejoseefontainecpa.com\/?s={search_term_string}\",\"query-input\":\"required name=search_term_string\"}],\"inLanguage\":\"fr-FR\"},{\"@type\":\"ImageObject\",\"@id\":\"https:\/\/mariejoseefontainecpa.com\/index.php\/tenue-de-livres\/#primaryimage\",\"inLanguage\":\"fr-FR\",\"url\":\"https:\/\/mariejoseefontainecpa.com\/wp-content\/uploads\/2018\/01\/project-1.jpg\",\"width\":370,\"height\":404},{\"@type\":\"WebPage\",\"@id\":\"https:\/\/mariejoseefontainecpa.com\/index.php\/tenue-de-livres\/#webpage\",\"url\":\"https:\/\/mariejoseefontainecpa.com\/index.php\/tenue-de-livres\/\",\"name\":\"Tenue de livres - mariejoseefontainecpa.com tenue-de-livres\",\"isPartOf\":{\"@id\":\"https:\/\/mariejoseefontainecpa.com\/#website\"},\"primaryImageOfPage\":{\"@id\":\"https:\/\/mariejoseefontainecpa.com\/index.php\/tenue-de-livres\/#primaryimage\"},\"datePublished\":\"2021-01-08T20:45:14+00:00\",\"dateModified\":\"2021-02-05T17:10:51+00:00\",\"description\":\"Tenue-de-livres, Marie-Jos\\u00e9e Fontaine CPA \\u00e0 Laval avec plus de 20ans d'exp\\u00e9rience. Tenue de livres pour entreprise ou travailleur autonome\",\"breadcrumb\":{\"@id\":\"https:\/\/mariejoseefontainecpa.com\/index.php\/tenue-de-livres\/#breadcrumb\"},\"inLanguage\":\"fr-FR\",\"potentialAction\":[{\"@type\":\"ReadAction\",\"target\":[\"https:\/\/mariejoseefontainecpa.com\/index.php\/tenue-de-livres\/\"]}]},{\"@type\":\"BreadcrumbList\",\"@id\":\"https:\/\/mariejoseefontainecpa.com\/index.php\/tenue-de-livres\/#breadcrumb\",\"itemListElement\":[{\"@type\":\"ListItem\",\"position\":1,\"item\":{\"@type\":\"WebPage\",\"@id\":\"https:\/\/mariejoseefontainecpa.com\/\",\"url\":\"https:\/\/mariejoseefontainecpa.com\/\",\"name\":\"Accueil\"}},{\"@type\":\"ListItem\",\"position\":2,\"item\":{\"@type\":\"WebPage\",\"@id\":\"https:\/\/mariejoseefontainecpa.com\/index.php\/tenue-de-livres\/\",\"url\":\"https:\/\/mariejoseefontainecpa.com\/index.php\/tenue-de-livres\/\",\"name\":\"Tenue de livres\"}}]}]}<\/script>\n<!-- \/ Yoast SEO plugin. -->","_links":{"self":[{"href":"https:\/\/mariejoseefontainecpa.com\/index.php\/wp-json\/wp\/v2\/pages\/554","targetHints":{"allow":["GET"]}}],"collection":[{"href":"https:\/\/mariejoseefontainecpa.com\/index.php\/wp-json\/wp\/v2\/pages"}],"about":[{"href":"https:\/\/mariejoseefontainecpa.com\/index.php\/wp-json\/wp\/v2\/types\/page"}],"author":[{"embeddable":true,"href":"https:\/\/mariejoseefontainecpa.com\/index.php\/wp-json\/wp\/v2\/users\/1"}],"replies":[{"embeddable":true,"href":"https:\/\/mariejoseefontainecpa.com\/index.php\/wp-json\/wp\/v2\/comments?post=554"}],"version-history":[{"count":24,"href":"https:\/\/mariejoseefontainecpa.com\/index.php\/wp-json\/wp\/v2\/pages\/554\/revisions"}],"predecessor-version":[{"id":829,"href":"https:\/\/mariejoseefontainecpa.com\/index.php\/wp-json\/wp\/v2\/pages\/554\/revisions\/829"}],"wp:featuredmedia":[{"embeddable":true,"href":"https:\/\/mariejoseefontainecpa.com\/index.php\/wp-json\/wp\/v2\/media\/442"}],"wp:attachment":[{"href":"https:\/\/mariejoseefontainecpa.com\/index.php\/wp-json\/wp\/v2\/media?parent=554"}],"curies":[{"name":"wp","href":"https:\/\/api.w.org\/{rel}","templated":true}]}}