{"id":604,"date":"2021-01-14T14:04:28","date_gmt":"2021-01-14T19:04:28","guid":{"rendered":"https:\/\/mjf.dev.orphisme.ca\/?page_id=604"},"modified":"2021-02-11T09:57:45","modified_gmt":"2021-02-11T14:57:45","slug":"comptable-mjf","status":"publish","type":"page","link":"https:\/\/mariejoseefontainecpa.com\/","title":{"rendered":"Accueil"},"content":{"rendered":"<p><section class=\"kc-elm kc-css-744971 kc_row\"><div class=\"kc-row-container\"><div class=\"kc-wrap-columns\"><div class=\"kc-elm kc-css-125973 kc_col-sm-12 kc_column kc_col-sm-12\"><div class=\"kc-col-container\"><!--Main Slider-->\n<section class=\"main-slider\">\n    <div class=\"rev_slider_wrapper fullwidthbanner-container\" id=\"rev_slider_one_wrapper\" data-source=\"gallery\">\n        <div class=\"rev_slider fullwidthabanner\" id=\"rev_slider_one\" data-version=\"5.4.1\">\n\t\t\t\n\t\t\t<!-- START Homepage 1 REVOLUTION SLIDER 6.2.21 --><p class=\"rs-p-wp-fix\"><\/p>\n\t\t\t<rs-module-wrap id=\"rev_slider_1_1_wrapper\" data-source=\"gallery\" style=\"background:transparent;padding:0;margin:0px auto;margin-top:0;margin-bottom:0;max-width:;\">\n\t\t\t\t<rs-module id=\"rev_slider_1_1\" style=\"\" data-version=\"6.2.21\">\n\t\t\t\t\t<rs-slides>\n\t\t\t\t\t\t<rs-slide data-key=\"rs-13\" data-title=\"Slide\" data-thumb=\"\/\/mjf.dev.orphisme.ca\/wp-content\/uploads\/2021\/01\/Orphisme-photo-20170502-_28A521803-Modifier-scaled.jpg\" data-duration=\"23760\" data-anim=\"ei:d;eo:d;s:d;r:0;t:slideoverdown;sl:d;\">\n\t\t\t\t\t\t\t<img loading=\"lazy\" decoding=\"async\" src=\"\/\/mjf.dev.orphisme.ca\/wp-content\/uploads\/2021\/01\/Orphisme-photo-20170502-_28A521803-Modifier-scaled.jpg\" alt=\"marie-Josee Fontaine, CPA\" title=\"marie-Josee Fontaine, CPA\" width=\"2560\" height=\"939\" class=\"rev-slidebg\" data-no-retina>\n<!--\n\t\t\t\t\t\t\t--><rs-layer\n\t\t\t\t\t\t\t\tid=\"slider-1-slide-13-layer-1\" \n\t\t\t\t\t\t\t\tdata-type=\"text\"\n\t\t\t\t\t\t\t\tdata-color=\"#fff\"\n\t\t\t\t\t\t\t\tdata-rsp_ch=\"on\"\n\t\t\t\t\t\t\t\tdata-xy=\"x:r;xo:112px,182px,138px,118px;y:m;yo:-141px,-135px,-130px,-151px;\"\n\t\t\t\t\t\t\t\tdata-text=\"w:normal;s:40,35,26,16;l:50,43,32,19;fw:900;\"\n\t\t\t\t\t\t\t\tdata-dim=\"minh:0px,none,none,none;\"\n\t\t\t\t\t\t\t\tdata-frame_0=\"y:-100%;o:1;\"\n\t\t\t\t\t\t\t\tdata-frame_0_mask=\"u:t;\"\n\t\t\t\t\t\t\t\tdata-frame_1=\"sp:1500;\"\n\t\t\t\t\t\t\t\tdata-frame_1_mask=\"u:t;\"\n\t\t\t\t\t\t\t\tdata-frame_999=\"y:-100%;e:nothing;st:w;sR:18300;\"\n\t\t\t\t\t\t\t\tdata-frame_999_mask=\"u:t;\"\n\t\t\t\t\t\t\t\tstyle=\"z-index:9;font-family:Roboto;text-transform:uppercase;\"\n\t\t\t\t\t\t\t>Marie-Jos\u00e9e Fontaine, CPA \n\t\t\t\t\t\t\t<\/rs-layer><!--\n\n\t\t\t\t\t\t\t--><rs-layer\n\t\t\t\t\t\t\t\tid=\"slider-1-slide-13-layer-2\" \n\t\t\t\t\t\t\t\tdata-type=\"text\"\n\t\t\t\t\t\t\t\tdata-rsp_ch=\"on\"\n\t\t\t\t\t\t\t\tdata-xy=\"x:r,r,c,c;xo:30px,30px,52px,1px;y:m;yo:-6px,-6px,1px,2px;\"\n\t\t\t\t\t\t\t\tdata-text=\"w:normal;s:20,20,20,16;l:30;a:left,left,center,center;\"\n\t\t\t\t\t\t\t\tdata-dim=\"w:640px,640px,640px,460px;\"\n\t\t\t\t\t\t\t\tdata-frame_0=\"y:100%;\"\n\t\t\t\t\t\t\t\tdata-frame_0_mask=\"u:t;y:100%;\"\n\t\t\t\t\t\t\t\tdata-frame_1=\"e:power2.inOut;sp:2000;\"\n\t\t\t\t\t\t\t\tdata-frame_1_mask=\"u:t;\"\n\t\t\t\t\t\t\t\tdata-frame_999=\"y:100%;e:nothing;st:w;sR:17800;\"\n\t\t\t\t\t\t\t\tdata-frame_999_mask=\"u:t;\"\n\t\t\t\t\t\t\t\tstyle=\"z-index:10;font-family:Lato;\"\n\t\t\t\t\t\t\t>Passionn\u00e9e des chiffres, Marie-Jos\u00e9e Fontaine a acquis une vaste exp\u00e9rience au niveau de la comptabilit\u00e9 dans plusieurs secteurs sph\u00e8res d'activit\u00e9. Fi\u00e8re de son parcours professionnel, elle d\u00e9sire mettre son savoir-faire \u00e0 profit pour offrir \u00e0 ses clients un service de qualit\u00e9 et une valeur accrue. N'h\u00e9sitez pas \u00e0 nous contacter, elle saura r\u00e9pondre \u00e0 vos besoins de fa\u00e7on professionnelle, humaine et en toute confiance avec ses conseils judicieux. \n\t\t\t\t\t\t\t<\/rs-layer><!--\n\n\t\t\t\t\t\t\t--><rs-layer\n\t\t\t\t\t\t\t\tid=\"slider-1-slide-13-layer-8\" \n\t\t\t\t\t\t\t\tdata-type=\"image\"\n\t\t\t\t\t\t\t\tdata-rsp_ch=\"on\"\n\t\t\t\t\t\t\t\tdata-xy=\"xo:-78px,-68px,-51px,-31px;yo:-3px,-2px,-1px,0;\"\n\t\t\t\t\t\t\t\tdata-text=\"w:normal;s:20,17,12,7;l:0,21,15,9;\"\n\t\t\t\t\t\t\t\tdata-dim=\"w:1674px,1465px,1113px,686px;h:614px,537px,407px,251px;\"\n\t\t\t\t\t\t\t\tdata-frame_1=\"x:-136px,0,0,0;y:0px,0,0,0;\"\n\t\t\t\t\t\t\t\tdata-frame_999=\"o:0;st:w;\"\n\t\t\t\t\t\t\t\tstyle=\"z-index:8;\"\n\t\t\t\t\t\t\t><img loading=\"lazy\" decoding=\"async\" src=\"\/\/mariejoseefontainecpa.com\/wp-content\/uploads\/2021\/01\/Orphisme-photo-20170502-_28A521803-Modifier-scaled.jpg\" alt=\"marie-Josee Fontaine, CPA\" width=\"2560\" height=\"939\" data-no-retina> \n\t\t\t\t\t\t\t<\/rs-layer><!--\n\n\t\t\t\t\t\t\t--><a\n\t\t\t\t\t\t\t\tid=\"slider-1-slide-13-layer-11\" \n\t\t\t\t\t\t\t\tclass=\"rs-layer rev-btn\"\n\t\t\t\t\t\t\t\thref=\"https:\/\/mariejoseefontainecpa.com\/index.php\/nous-joindre\/\" target=\"_self\" rel=\"nofollow\"\n\t\t\t\t\t\t\t\tdata-type=\"button\"\n\t\t\t\t\t\t\t\tdata-rsp_ch=\"on\"\n\t\t\t\t\t\t\t\tdata-xy=\"x:r;xo:471px,473px,251px,150px;y:m;yo:143px,141px,137px,151px;\"\n\t\t\t\t\t\t\t\tdata-text=\"w:normal;s:17,17,16,16;l:24;fw:600;a:center;\"\n\t\t\t\t\t\t\t\tdata-dim=\"minh:0px,none,none,none;\"\n\t\t\t\t\t\t\t\tdata-padding=\"t:11,10,8,10;r:43,43,33,35;b:11,10,8,10;l:43,43,33,35;\"\n\t\t\t\t\t\t\t\tdata-border=\"bos:solid;boc:#d2b871;bow:2px,2px,2px,2px;bor:25px,25px,25px,25px;\"\n\t\t\t\t\t\t\t\tdata-frame_0=\"x:175%;o:1;\"\n\t\t\t\t\t\t\t\tdata-frame_0_mask=\"u:t;x:-100%;\"\n\t\t\t\t\t\t\t\tdata-frame_1=\"e:power4.inOut;sp:2000;\"\n\t\t\t\t\t\t\t\tdata-frame_1_mask=\"u:t;\"\n\t\t\t\t\t\t\t\tdata-frame_999=\"o:0;st:w;sR:17800;\"\n\t\t\t\t\t\t\t\tdata-frame_hover=\"bgc:rgba(210,184,113,0);boc:#fff;bor:25px,25px,25px,25px;bos:solid;bow:2px,2px,2px,2px;e:power1.inOut;\"\n\t\t\t\t\t\t\t\tstyle=\"z-index:11;background-color:#d2b871;font-family:Poppins;\"\n\t\t\t\t\t\t\t>Nous joindre \n\t\t\t\t\t\t\t<\/a><!--\n-->\t\t\t\t\t\t<\/rs-slide>\n\t\t\t\t\t\t<rs-slide data-key=\"rs-1\" data-title=\"Slide\" data-thumb=\"\/\/mjf.dev.orphisme.ca\/wp-content\/uploads\/2021\/01\/Orphisme-photo-20170502-_28A521803-Modifier-scaled.jpg\" data-anim=\"ei:d;eo:d;s:d;r:0;t:slideoverdown;sl:d;\">\n\t\t\t\t\t\t\t<img loading=\"lazy\" decoding=\"async\" src=\"\/\/mjf.dev.orphisme.ca\/wp-content\/uploads\/2021\/01\/Orphisme-photo-20170502-_28A521803-Modifier-scaled.jpg\" alt=\"marie-Josee Fontaine, CPA\" title=\"marie-Josee Fontaine, CPA\" width=\"2560\" height=\"939\" class=\"rev-slidebg\" data-no-retina>\n<!--\n\t\t\t\t\t\t\t--><rs-layer\n\t\t\t\t\t\t\t\tid=\"slider-1-slide-1-layer-1\" \n\t\t\t\t\t\t\t\tdata-type=\"text\"\n\t\t\t\t\t\t\t\tdata-color=\"#fff\"\n\t\t\t\t\t\t\t\tdata-rsp_ch=\"on\"\n\t\t\t\t\t\t\t\tdata-xy=\"x:r;xo:129px,112px,152px,122px;y:m;yo:-18px,-15px,3px,22px;\"\n\t\t\t\t\t\t\t\tdata-text=\"w:normal;s:40,35,26,16;l:50,43,32,19;fw:900;\"\n\t\t\t\t\t\t\t\tdata-dim=\"w:545px,476px,361px,222px;h:151px,132px,100px,61px;minh:0px,none,none,none;\"\n\t\t\t\t\t\t\t\tdata-frame_0=\"y:-100%;o:1;\"\n\t\t\t\t\t\t\t\tdata-frame_0_mask=\"u:t;\"\n\t\t\t\t\t\t\t\tdata-frame_1=\"sp:1500;sR:10;\"\n\t\t\t\t\t\t\t\tdata-frame_1_mask=\"u:t;\"\n\t\t\t\t\t\t\t\tdata-frame_999=\"y:-100%;e:nothing;st:w;sR:7490;\"\n\t\t\t\t\t\t\t\tdata-frame_999_mask=\"u:t;\"\n\t\t\t\t\t\t\t\tstyle=\"z-index:9;font-family:Roboto;text-transform:uppercase;\"\n\t\t\t\t\t\t\t>Passer d'un comptable \u00e0 un partenaire d'affaires \n\t\t\t\t\t\t\t<\/rs-layer><!--\n\n\t\t\t\t\t\t\t--><a\n\t\t\t\t\t\t\t\tid=\"slider-1-slide-1-layer-6\" \n\t\t\t\t\t\t\t\tclass=\"rs-layer rev-btn\"\n\t\t\t\t\t\t\t\thref=\"https:\/\/mjf.dev.orphisme.ca\/index.php\/contact-us\/\" target=\"_self\" rel=\"nofollow\"\n\t\t\t\t\t\t\t\tdata-type=\"button\"\n\t\t\t\t\t\t\t\tdata-rsp_ch=\"on\"\n\t\t\t\t\t\t\t\tdata-xy=\"x:r;xo:471px,390px,251px,150px;y:m;yo:143px,49px,137px,151px;\"\n\t\t\t\t\t\t\t\tdata-text=\"w:normal;s:17,17,16,16;l:24;fw:600;a:center;\"\n\t\t\t\t\t\t\t\tdata-dim=\"minh:0px,none,none,none;\"\n\t\t\t\t\t\t\t\tdata-padding=\"t:11,10,8,10;r:43,43,33,35;b:11,10,8,10;l:43,43,33,35;\"\n\t\t\t\t\t\t\t\tdata-border=\"bos:solid;boc:#d2b871;bow:2px,2px,2px,2px;bor:25px,25px,25px,25px;\"\n\t\t\t\t\t\t\t\tdata-frame_0=\"x:175%;o:1;\"\n\t\t\t\t\t\t\t\tdata-frame_0_mask=\"u:t;x:-100%;\"\n\t\t\t\t\t\t\t\tdata-frame_1=\"e:power4.inOut;sp:2000;\"\n\t\t\t\t\t\t\t\tdata-frame_1_mask=\"u:t;\"\n\t\t\t\t\t\t\t\tdata-frame_999=\"o:0;st:w;sR:7000;\"\n\t\t\t\t\t\t\t\tdata-frame_hover=\"bgc:rgba(210,184,113,0);boc:#fff;bor:25px,25px,25px,25px;bos:solid;bow:2px,2px,2px,2px;e:power1.inOut;\"\n\t\t\t\t\t\t\t\tstyle=\"z-index:10;background-color:#d2b871;font-family:Poppins;\"\n\t\t\t\t\t\t\t>Nous joindre \n\t\t\t\t\t\t\t<\/a><!--\n\n\t\t\t\t\t\t\t--><rs-layer\n\t\t\t\t\t\t\t\tid=\"slider-1-slide-1-layer-9\" \n\t\t\t\t\t\t\t\tdata-type=\"image\"\n\t\t\t\t\t\t\t\tdata-rsp_ch=\"on\"\n\t\t\t\t\t\t\t\tdata-xy=\"xo:-31px,-27px,-20px,-12px;yo:-1px,0,0,0;\"\n\t\t\t\t\t\t\t\tdata-text=\"w:normal;s:20,17,12,7;l:0,21,15,9;\"\n\t\t\t\t\t\t\t\tdata-dim=\"w:1679px,1469px,1116px,688px;h:616px,539px,409px,252px;\"\n\t\t\t\t\t\t\t\tdata-frame_1=\"x:-178px,0,0,0;y:-4px,0,0,0;\"\n\t\t\t\t\t\t\t\tdata-frame_999=\"o:0;st:w;sR:8700;\"\n\t\t\t\t\t\t\t\tstyle=\"z-index:8;\"\n\t\t\t\t\t\t\t><img loading=\"lazy\" decoding=\"async\" src=\"\/\/mariejoseefontainecpa.com\/wp-content\/uploads\/2021\/01\/Orphisme-photo-20170502-_28A521803-Modifier-scaled.jpg\" alt=\"marie-Josee Fontaine, CPA\" width=\"2560\" height=\"939\" data-no-retina> \n\t\t\t\t\t\t\t<\/rs-layer><!--\n-->\t\t\t\t\t\t<\/rs-slide>\n\t\t\t\t\t<\/rs-slides>\n\t\t\t\t<\/rs-module>\n\t\t\t\t<script type=\"text\/javascript\">\n\t\t\t\t\tsetREVStartSize({c: 'rev_slider_1_1',rl:[1240,1024,778,480],el:[610,610,610,610],gw:[1170,1024,778,480],gh:[610,610,610,610],type:'standard',justify:'',layout:'fullwidth',mh:\"0\"});\n\t\t\t\t\tvar\trevapi1,\n\t\t\t\t\t\ttpj;\n\t\t\t\t\tfunction revinit_revslider11() {\n\t\t\t\t\tjQuery(function() {\n\t\t\t\t\t\ttpj = jQuery;\n\t\t\t\t\t\trevapi1 = tpj(\"#rev_slider_1_1\");\n\t\t\t\t\t\tif(revapi1==undefined || revapi1.revolution == undefined){\n\t\t\t\t\t\t\trevslider_showDoubleJqueryError(\"rev_slider_1_1\");\n\t\t\t\t\t\t}else{\n\t\t\t\t\t\t\trevapi1.revolution({\n\t\t\t\t\t\t\t\tvisibilityLevels:\"1240,1024,778,480\",\n\t\t\t\t\t\t\t\tgridwidth:\"1170,1024,778,480\",\n\t\t\t\t\t\t\t\tgridheight:\"610,610,610,610\",\n\t\t\t\t\t\t\t\tspinner:\"spinner0\",\n\t\t\t\t\t\t\t\tperspective:600,\n\t\t\t\t\t\t\t\tperspectiveType:\"local\",\n\t\t\t\t\t\t\t\teditorheight:\"610,610,610,610\",\n\t\t\t\t\t\t\t\tresponsiveLevels:\"1240,1024,778,480\",\n\t\t\t\t\t\t\t\tprogressBar:{disableProgressBar:true},\n\t\t\t\t\t\t\t\tnavigation: {\n\t\t\t\t\t\t\t\t\tmouseScrollNavigation:false,\n\t\t\t\t\t\t\t\t\tonHoverStop:false,\n\t\t\t\t\t\t\t\t\tarrows: {\n\t\t\t\t\t\t\t\t\t\tenable:true,\n\t\t\t\t\t\t\t\t\t\tstyle:\"metis\",\n\t\t\t\t\t\t\t\t\t\tleft: {\n\t\t\t\t\t\t\t\t\t\t\th_offset:0\n\t\t\t\t\t\t\t\t\t\t},\n\t\t\t\t\t\t\t\t\t\tright: {\n\t\t\t\t\t\t\t\t\t\t\th_offset:0\n\t\t\t\t\t\t\t\t\t\t}\n\t\t\t\t\t\t\t\t\t}\n\t\t\t\t\t\t\t\t},\n\t\t\t\t\t\t\t\tfallbacks: {\n\t\t\t\t\t\t\t\t\tallowHTML5AutoPlayOnAndroid:true\n\t\t\t\t\t\t\t\t},\n\t\t\t\t\t\t\t});\n\t\t\t\t\t\t}\n\t\t\t\t\t\t\n\t\t\t\t\t});\n\t\t\t\t\t} \/\/ End of RevInitScript\n\t\t\t\tif (document.readyState === \"loading\") window.addEventListener('DOMContentLoaded',function() { revinit_revslider11();}); else revinit_revslider11();\n\t\t\t\t<\/script>\n\t\t\t\t<script>\n\t\t\t\t\tvar htmlDivCss = unescape(\"%23rev_slider_1_1_wrapper%20.metis.tparrows%20%7B%0A%20%20background%3A%23ffffff%3B%0A%20%20padding%3A10px%3B%0A%20%20transition%3Aall%200.3s%3B%0A%20%20-webkit-transition%3Aall%200.3s%3B%0A%20%20width%3A60px%3B%0A%20%20height%3A60px%3B%0A%20%20box-sizing%3Aborder-box%3B%0A%20%7D%0A%20%0A%20%23rev_slider_1_1_wrapper%20.metis.tparrows%3Ahover%20%7B%0A%20%20%20background%3Argba%28255%2C255%2C255%2C0.75%29%3B%0A%20%7D%0A%20%0A%20%23rev_slider_1_1_wrapper%20.metis.tparrows%3Abefore%20%7B%0A%20%20color%3A%23000000%3B%20%20%0A%20%20%20transition%3Aall%200.3s%3B%0A%20%20-webkit-transition%3Aall%200.3s%3B%0A%20%7D%0A%20%0A%20%23rev_slider_1_1_wrapper%20.metis.tparrows%3Ahover%3Abefore%20%7B%0A%20%20%20transform%3Ascale%281.5%29%3B%0A%20%20%7D%0A%20%0A\");\n\t\t\t\t\tvar htmlDiv = document.getElementById('rs-plugin-settings-inline-css');\n\t\t\t\t\tif(htmlDiv) {\n\t\t\t\t\t\thtmlDiv.innerHTML = htmlDiv.innerHTML + htmlDivCss;\n\t\t\t\t\t}else{\n\t\t\t\t\t\tvar htmlDiv = document.createElement('div');\n\t\t\t\t\t\thtmlDiv.innerHTML = '<style>' + htmlDivCss + '<\/style>';\n\t\t\t\t\t\tdocument.getElementsByTagName('head')[0].appendChild(htmlDiv.childNodes[0]);\n\t\t\t\t\t}\n\t\t\t\t<\/script>\n\t\t\t\t<script>\n\t\t\t\t\tvar htmlDivCss = unescape(\"%0A%0A\");\n\t\t\t\t\tvar htmlDiv = document.getElementById('rs-plugin-settings-inline-css');\n\t\t\t\t\tif(htmlDiv) {\n\t\t\t\t\t\thtmlDiv.innerHTML = htmlDiv.innerHTML + htmlDivCss;\n\t\t\t\t\t}else{\n\t\t\t\t\t\tvar htmlDiv = document.createElement('div');\n\t\t\t\t\t\thtmlDiv.innerHTML = '<style>' + htmlDivCss + '<\/style>';\n\t\t\t\t\t\tdocument.getElementsByTagName('head')[0].appendChild(htmlDiv.childNodes[0]);\n\t\t\t\t\t}\n\t\t\t\t<\/script>\n\t\t\t<\/rs-module-wrap>\n\t\t\t<!-- END REVOLUTION SLIDER -->\n\t\t<\/div>\n\t<\/div>\n<\/section>\n<!--End Main Slider-->\n<\/div><\/div><\/div><\/div><\/section><section class=\"kc-elm kc-css-710680 kc_row\"><div class=\"kc-row-container\"><div class=\"kc-wrap-columns\"><div class=\"kc-elm kc-css-861781 kc_col-sm-12 kc_column kc_col-sm-12\"><div class=\"kc-col-container\">\n\n<!--Welcome Section-->\n<section class=\"welcome-section\" style=\"background-image:url(https:\/\/mjf.dev.orphisme.ca\/wp-content\/uploads\/2018\/01\/map-pattern-1.png)\">\n\t<div class=\"auto-container\">\n\t\t<!--Services Title-->\n\t\t<div class=\"services-title\">\n\t\t\t<div class=\"title\">Bienvenue<\/div>\n\t\t\t<h2>Marie-Jos\u00e9e Fontaine, CPA, une comptable d'exp\u00e9rience offrant des services de qualit\u00e9 diversifi\u00e9s aupr\u00e8s des particuliers et des entreprises.\r\n<\/h2>\n\t\t<\/div>\n\t\t<div class=\"row clearfix\">\n\t\t\t\t\t\t<!--Services Block-->\n\t\t\t<div class=\"services-block col-md-4 col-sm-6 col-xs-12\">\n\t\t\t\t<div class=\"inner-box hvr-float-shadow\">\n\t\t\t\t\t<div class=\"image\">\n\t\t\t\t\t\t<a href=\"https:\/\/mjf.dev.orphisme.ca\/index.php\/particuliers\/\"><img loading=\"lazy\" decoding=\"async\" width=\"370\" height=\"190\" src=\"https:\/\/mariejoseefontainecpa.com\/wp-content\/uploads\/2018\/01\/news-6-370x190.jpg\" class=\"attachment-consultox_370x190 size-consultox_370x190 wp-post-image\" alt=\"services-particuliers\" \/><\/a>\n\t\t\t\t\t<\/div>\n\t\t\t\t\t<div class=\"lower-content\">\n\t\t\t\t\t\t<h3><a href=\"https:\/\/mjf.dev.orphisme.ca\/index.php\/particuliers\/\">Particuliers<\/a><\/h3>\n\t\t\t\t\t\t<div class=\"text\">Quelle que soit votre situation fiscale, produisez votre d\u00e9claration d&rsquo;imp\u00f4t par votre comptable CPA.<\/div>\n\t\t\t\t\t\t<a href=\"https:\/\/mjf.dev.orphisme.ca\/index.php\/particuliers\/\" class=\"read more\">lire plus<\/a>\n\t\t\t\t\t<\/div>\n\t\t\t\t<\/div>\n\t\t\t<\/div>\n\t\t\t\t\t\t<!--Services Block-->\n\t\t\t<div class=\"services-block col-md-4 col-sm-6 col-xs-12\">\n\t\t\t\t<div class=\"inner-box hvr-float-shadow\">\n\t\t\t\t\t<div class=\"image\">\n\t\t\t\t\t\t<a href=\"https:\/\/mariejoseefontainecpa.com\/index.php\/particuliers\/\"><img loading=\"lazy\" decoding=\"async\" width=\"370\" height=\"190\" src=\"https:\/\/mariejoseefontainecpa.com\/wp-content\/uploads\/2018\/01\/news-13-370x190.jpg\" class=\"attachment-consultox_370x190 size-consultox_370x190 wp-post-image\" alt=\"services-aux-entreprises\" \/><\/a>\n\t\t\t\t\t<\/div>\n\t\t\t\t\t<div class=\"lower-content\">\n\t\t\t\t\t\t<h3><a href=\"https:\/\/mariejoseefontainecpa.com\/index.php\/particuliers\/\">Entreprises<\/a><\/h3>\n\t\t\t\t\t\t<div class=\"text\">\u00c9tats financiers, avis au lecteur, imp\u00f4ts corporatifs et services-conseils dans divers domaines: restructuration, pr\u00e9visions financi\u00e8res, d\u00e9marrage d&rsquo;entreprise.<\/div>\n\t\t\t\t\t\t<a href=\"https:\/\/mariejoseefontainecpa.com\/index.php\/particuliers\/\" class=\"read more\">lire plus<\/a>\n\t\t\t\t\t<\/div>\n\t\t\t\t<\/div>\n\t\t\t<\/div>\n\t\t\t\t\t\t<!--Services Block-->\n\t\t\t<div class=\"services-block col-md-4 col-sm-6 col-xs-12\">\n\t\t\t\t<div class=\"inner-box hvr-float-shadow\">\n\t\t\t\t\t<div class=\"image\">\n\t\t\t\t\t\t<a href=\"https:\/\/mariejoseefontainecpa.com\/index.php\/tenue-de-livres\/\"><img loading=\"lazy\" decoding=\"async\" width=\"370\" height=\"190\" src=\"https:\/\/mariejoseefontainecpa.com\/wp-content\/uploads\/2018\/01\/news-11-370x190.jpg\" class=\"attachment-consultox_370x190 size-consultox_370x190 wp-post-image\" alt=\"tenue-de-livres\" \/><\/a>\n\t\t\t\t\t<\/div>\n\t\t\t\t\t<div class=\"lower-content\">\n\t\t\t\t\t\t<h3><a href=\"https:\/\/mariejoseefontainecpa.com\/index.php\/tenue-de-livres\/\">Tenue de livres<\/a><\/h3>\n\t\t\t\t\t\t<div class=\"text\">Partie de la comptabilit\u00e9 essentielle pour chaque organisme ou entreprise peu importe sa forme juridique, sa taille et ses activit\u00e9s.<\/div>\n\t\t\t\t\t\t<a href=\"https:\/\/mariejoseefontainecpa.com\/index.php\/tenue-de-livres\/\" class=\"read more\">lire plus<\/a>\n\t\t\t\t\t<\/div>\n\t\t\t\t<\/div>\n\t\t\t<\/div>\n\t\t\t\t\t<\/div>\n\t<\/div>\n<\/section>\n<!--End Welcome Section-->\n\n<\/div><\/div><\/div><\/div><\/section><section class=\"kc-elm kc-css-777072 kc_row\"><div class=\"kc-row-container\"><div class=\"kc-wrap-columns\"><div class=\"kc-elm kc-css-50143 kc_col-sm-12 kc_column kc_col-sm-12\"><div class=\"kc-col-container\">\r\n<\/div><\/div><\/div><\/div><\/section><section class=\"kc-elm kc-css-767164 kc_row\"><div class=\"kc-row-container\"><div class=\"kc-wrap-columns\"><div class=\"kc-elm kc-css-396673 kc_col-sm-12 kc_column kc_col-sm-12\"><div class=\"kc-col-container\"><!--Call To Action Section-->\n<section class=\"call-to-action-section\" style=\"background-image:url(https:\/\/mjf.dev.orphisme.ca\/wp-content\/uploads\/2018\/01\/1.jpg)\">\n    <div class=\"auto-container\">\n        <h2>Besoin d'un conseil ? <span>besoin d'aide<\/span><\/h2>\n        <div class=\"number-box clearfix\">\n            <div class=\"pull-left\">\n                <div class=\"number\">514 966-2106<\/div>\n            <\/div>\n            <div class=\"pull-right\">\n                <a href=\"https:\/\/mariejoseefontainecpa.com\/index.php\/nous-joindre\/\" class=\"theme-btn btn-style-three\">Nous joindre<\/a>\n            <\/div>\n        <\/div>\n    <\/div>\n<\/section>\n<!--End Call To Action Section-->\n<\/div><\/div><\/div><\/div><\/section><section class=\"kc-elm kc-css-514098 kc_row\"><div class=\"kc-row-container\"><div class=\"kc-wrap-columns\"><div class=\"kc-elm kc-css-279415 kc_col-sm-12 kc_column kc_col-sm-12\"><div class=\"kc-col-container\"><!--Study Section-->\r\n<section class=\"study-section alternate\">\r\n    <div class=\"auto-container\">\r\n        <div class=\"row clearfix\">\r\n            <!--Content Column-->\r\n            <div class=\"content-column col-md-6 col-sm-12 col-xs-12\">\r\n                <div class=\"sec-title\">\r\n                    <div class=\"title\"><\/div>\r\n                    <h2>Nos certifications<\/h2>\r\n                <\/div>\r\n                <div class=\"text\">Les CPA ont l\u2019expertise, la capacit\u00e9 d\u2019analyse et la vision strat\u00e9gique pour mener les organisations vers le succ\u00e8s.  Leur expertise financi\u00e8re et leur rigueur \u00e9thique en font des leaders de confiance.<\/div>\r\n                <a href=\"https:\/\/cpaquebec.ca\/\" class=\"theme-btn btn-style-four\">CPA<\/a>\r\n            <\/div>\r\n            <!--Image Column-->\r\n            <div class=\"image-column col-md-6 col-sm-12 col-xs-12\">\r\n                <div class=\"inner-column\">\r\n                    <!--Video Box-->\r\n                    <div class=\"video-box\">\r\n                        <figure class=\"image\">\r\n                            <img decoding=\"async\" src=\"https:\/\/mjf.dev.orphisme.ca\/wp-content\/uploads\/2021\/01\/2016-Issue10-CPA_BrandCampaignLogos_Oct2016_FRE-800x514-1.jpg\" alt=\"image\">\r\n                        <\/figure>\r\n                        <a href=\"https:\/\/www.youtube.com\/watch?v=Wju1uhxfU5E&#038;feature=youtu.be\" class=\"lightbox-image overlay-box\"><span class=\"flaticon-play-button-2\"><\/span><\/a>\r\n                    <\/div>\r\n                <\/div>\r\n            <\/div>\r\n        <\/div>\r\n    <\/div>\r\n<\/section>\r\n<!--End Study Section-->\r\n<\/div><\/div><\/div><\/div><\/section><\/p>\n","protected":false},"excerpt":{"rendered":"","protected":false},"author":1,"featured_media":782,"parent":0,"menu_order":0,"comment_status":"closed","ping_status":"closed","template":"tpl-king_composer.php","meta":{"footnotes":""},"class_list":["post-604","page","type-page","status-publish","has-post-thumbnail","hentry"],"yoast_head":"<!-- This site is optimized with the Yoast SEO plugin v15.8 - https:\/\/yoast.com\/wordpress\/plugins\/seo\/ -->\n<title>Accueil - mariejoseefontainecpa.com comptable MJF<\/title>\n<meta name=\"description\" content=\"Marie-Jos\u00e9e Fontaine, CPA, une comptable d&#039;exp\u00e9rience offrant des services de qualit\u00e9 diversifi\u00e9s aupr\u00e8s des particuliers et des entreprises.\" \/>\n<meta name=\"robots\" content=\"index, follow, max-snippet:-1, max-image-preview:large, max-video-preview:-1\" \/>\n<link rel=\"canonical\" href=\"https:\/\/mariejoseefontainecpa.com\/\" \/>\n<meta property=\"og:locale\" content=\"fr_FR\" \/>\n<meta property=\"og:type\" content=\"article\" \/>\n<meta property=\"og:title\" content=\"Mare-Jos\u00e9e Fontaine, comptable\" \/>\n<meta property=\"og:description\" content=\"CPA, une comptable d&#039;exp\u00e9rience offrant des services de qualit\u00e9 diversifi\u00e9s aupr\u00e8s des particuliers et des entreprises.\" \/>\n<meta property=\"og:url\" content=\"https:\/\/mariejoseefontainecpa.com\/\" \/>\n<meta property=\"og:site_name\" content=\"mariejoseefontainecpa.com\" \/>\n<meta property=\"article:modified_time\" content=\"2021-02-11T14:57:45+00:00\" \/>\n<meta property=\"og:image\" content=\"https:\/\/mariejoseefontainecpa.com\/wp-content\/uploads\/2021\/02\/Orphisme-photo-20170502-_28A521803-Modifier.jpg\" \/>\n\t<meta property=\"og:image:width\" content=\"2000\" \/>\n\t<meta property=\"og:image:height\" content=\"1333\" \/>\n<meta name=\"twitter:card\" content=\"summary_large_image\" \/>\n<meta name=\"twitter:label1\" content=\"Dur\u00e9e de lecture est.\">\n\t<meta name=\"twitter:data1\" content=\"1 minute\">\n<script type=\"application\/ld+json\" class=\"yoast-schema-graph\">{\"@context\":\"https:\/\/schema.org\",\"@graph\":[{\"@type\":\"Organization\",\"@id\":\"https:\/\/mariejoseefontainecpa.com\/#organization\",\"name\":\"Marie-Jos\\u00e9e Fontaine, CPA\",\"url\":\"https:\/\/mariejoseefontainecpa.com\/\",\"sameAs\":[\"https:\/\/www.linkedin.com\/in\/mariejoseefontainecpa\/\"],\"logo\":{\"@type\":\"ImageObject\",\"@id\":\"https:\/\/mariejoseefontainecpa.com\/#logo\",\"inLanguage\":\"fr-FR\",\"url\":\"https:\/\/mariejoseefontainecpa.com\/wp-content\/uploads\/2021\/01\/mjf-2.png\",\"width\":150,\"height\":81,\"caption\":\"Marie-Jos\\u00e9e Fontaine, CPA\"},\"image\":{\"@id\":\"https:\/\/mariejoseefontainecpa.com\/#logo\"}},{\"@type\":\"WebSite\",\"@id\":\"https:\/\/mariejoseefontainecpa.com\/#website\",\"url\":\"https:\/\/mariejoseefontainecpa.com\/\",\"name\":\"mariejoseefontainecpa.com\",\"description\":\"Votre CPA\",\"publisher\":{\"@id\":\"https:\/\/mariejoseefontainecpa.com\/#organization\"},\"potentialAction\":[{\"@type\":\"SearchAction\",\"target\":\"https:\/\/mariejoseefontainecpa.com\/?s={search_term_string}\",\"query-input\":\"required name=search_term_string\"}],\"inLanguage\":\"fr-FR\"},{\"@type\":\"ImageObject\",\"@id\":\"https:\/\/mariejoseefontainecpa.com\/#primaryimage\",\"inLanguage\":\"fr-FR\",\"url\":\"https:\/\/mariejoseefontainecpa.com\/wp-content\/uploads\/2021\/02\/Orphisme-photo-20170502-_28A521803-Modifier.jpg\",\"width\":2000,\"height\":1333,\"caption\":\"marie-Josee Fontaine, CPA\"},{\"@type\":\"WebPage\",\"@id\":\"https:\/\/mariejoseefontainecpa.com\/#webpage\",\"url\":\"https:\/\/mariejoseefontainecpa.com\/\",\"name\":\"Accueil - mariejoseefontainecpa.com comptable MJF\",\"isPartOf\":{\"@id\":\"https:\/\/mariejoseefontainecpa.com\/#website\"},\"primaryImageOfPage\":{\"@id\":\"https:\/\/mariejoseefontainecpa.com\/#primaryimage\"},\"datePublished\":\"2021-01-14T19:04:28+00:00\",\"dateModified\":\"2021-02-11T14:57:45+00:00\",\"description\":\"Marie-Jos\\u00e9e Fontaine, CPA, une comptable d'exp\\u00e9rience offrant des services de qualit\\u00e9 diversifi\\u00e9s aupr\\u00e8s des particuliers et des entreprises.\",\"breadcrumb\":{\"@id\":\"https:\/\/mariejoseefontainecpa.com\/#breadcrumb\"},\"inLanguage\":\"fr-FR\",\"potentialAction\":[{\"@type\":\"ReadAction\",\"target\":[\"https:\/\/mariejoseefontainecpa.com\/\"]}]},{\"@type\":\"BreadcrumbList\",\"@id\":\"https:\/\/mariejoseefontainecpa.com\/#breadcrumb\",\"itemListElement\":[{\"@type\":\"ListItem\",\"position\":1,\"item\":{\"@type\":\"WebPage\",\"@id\":\"https:\/\/mariejoseefontainecpa.com\/\",\"url\":\"https:\/\/mariejoseefontainecpa.com\/\",\"name\":\"Accueil\"}},{\"@type\":\"ListItem\",\"position\":2,\"item\":{\"@type\":\"WebPage\",\"@id\":\"https:\/\/mariejoseefontainecpa.com\/\",\"url\":\"https:\/\/mariejoseefontainecpa.com\/\",\"name\":\"Accueil\"}}]}]}<\/script>\n<!-- \/ Yoast SEO plugin. -->","_links":{"self":[{"href":"https:\/\/mariejoseefontainecpa.com\/index.php\/wp-json\/wp\/v2\/pages\/604","targetHints":{"allow":["GET"]}}],"collection":[{"href":"https:\/\/mariejoseefontainecpa.com\/index.php\/wp-json\/wp\/v2\/pages"}],"about":[{"href":"https:\/\/mariejoseefontainecpa.com\/index.php\/wp-json\/wp\/v2\/types\/page"}],"author":[{"embeddable":true,"href":"https:\/\/mariejoseefontainecpa.com\/index.php\/wp-json\/wp\/v2\/users\/1"}],"replies":[{"embeddable":true,"href":"https:\/\/mariejoseefontainecpa.com\/index.php\/wp-json\/wp\/v2\/comments?post=604"}],"version-history":[{"count":31,"href":"https:\/\/mariejoseefontainecpa.com\/index.php\/wp-json\/wp\/v2\/pages\/604\/revisions"}],"predecessor-version":[{"id":835,"href":"https:\/\/mariejoseefontainecpa.com\/index.php\/wp-json\/wp\/v2\/pages\/604\/revisions\/835"}],"wp:featuredmedia":[{"embeddable":true,"href":"https:\/\/mariejoseefontainecpa.com\/index.php\/wp-json\/wp\/v2\/media\/782"}],"wp:attachment":[{"href":"https:\/\/mariejoseefontainecpa.com\/index.php\/wp-json\/wp\/v2\/media?parent=604"}],"curies":[{"name":"wp","href":"https:\/\/api.w.org\/{rel}","templated":true}]}}